{"id":5831,"date":"2025-01-08T08:44:37","date_gmt":"2025-01-08T08:44:37","guid":{"rendered":"https:\/\/villa-kotseli-andros.com\/galeria\/"},"modified":"2026-02-03T19:32:31","modified_gmt":"2026-02-03T19:32:31","slug":"galeria","status":"publish","type":"page","link":"https:\/\/villa-kotseli-andros.com\/es\/galeria\/","title":{"rendered":"Galer\u00eda"},"content":{"rendered":"[vc_row type=\u00bbfull_width_background\u00bb full_screen_row_position=\u00bbmiddle\u00bb column_margin=\u00bbdefault\u00bb equal_height=\u00bbyes\u00bb content_placement=\u00bbmiddle\u00bb column_direction=\u00bbdefault\u00bb column_direction_tablet=\u00bbdefault\u00bb column_direction_phone=\u00bbdefault\u00bb bg_color=\u00bb#822a4a\u00bb scene_position=\u00bbcenter\u00bb top_padding=\u00bb70&#8243; bottom_padding=\u00bb70&#8243; text_color=\u00bblight\u00bb text_align=\u00bbleft\u00bb row_border_radius=\u00bbnone\u00bb row_border_radius_applies=\u00bbbg\u00bb overflow=\u00bbvisible\u00bb overlay_strength=\u00bb0.95&#8243; gradient_direction=\u00bbleft_to_right\u00bb shape_divider_position=\u00bbbottom\u00bb bg_image_animation=\u00bbnone\u00bb shape_type=\u00bb\u00bb gradient_type=\u00bbdefault\u00bb][vc_column column_padding=\u00bbno-extra-padding\u00bb column_padding_tablet=\u00bbinherit\u00bb column_padding_phone=\u00bbinherit\u00bb column_padding_position=\u00bball\u00bb column_element_direction_desktop=\u00bbdefault\u00bb column_element_spacing=\u00bbdefault\u00bb desktop_text_alignment=\u00bbdefault\u00bb tablet_text_alignment=\u00bbcenter\u00bb phone_text_alignment=\u00bbcenter\u00bb background_color_opacity=\u00bb1&#8243; background_hover_color_opacity=\u00bb1&#8243; column_backdrop_filter=\u00bbnone\u00bb column_shadow=\u00bbnone\u00bb column_border_radius=\u00bbnone\u00bb column_link_target=\u00bb_self\u00bb column_position=\u00bbdefault\u00bb gradient_direction=\u00bbleft_to_right\u00bb overlay_strength=\u00bb0.3&#8243; width=\u00bb5\/12&#8243; tablet_width_inherit=\u00bbdefault\u00bb animation_type=\u00bbdefault\u00bb bg_image_animation=\u00bbnone\u00bb border_type=\u00bbsimple\u00bb column_border_width=\u00bbnone\u00bb column_border_style=\u00bbsolid\u00bb][split_line_heading animation_type=\u00bbline-reveal-by-space\u00bb font_style=\u00bbh2&#8243; line_reveal_by_space_text_effect=\u00bbdefault\u00bb content_alignment=\u00bbdefault\u00bb mobile_content_alignment=\u00bbinherit\u00bb link_target=\u00bb_self\u00bb text_content=\u00bbNuestra galer\u00eda Kotseli\u00bb text_direction=\u00bbdefault\u00bb][\/split_line_heading][vc_column_text css=\u00bb\u00bb text_direction=\u00bbdefault\u00bb]<span style=\"color: #ffffff;\">Ad\u00e9ntrate en el sereno ambiente de Kotseli a trav\u00e9s de nuestra galer\u00eda. Descubre vistas impresionantes, espacios tranquilos y la esencia de una estancia inmersa en la naturaleza. <\/span>[\/vc_column_text][\/vc_column][vc_column column_padding=\u00bbno-extra-padding\u00bb column_padding_tablet=\u00bbinherit\u00bb column_padding_phone=\u00bbinherit\u00bb column_padding_position=\u00bball\u00bb column_element_direction_desktop=\u00bbdefault\u00bb column_element_spacing=\u00bbdefault\u00bb desktop_text_alignment=\u00bbdefault\u00bb tablet_text_alignment=\u00bbcenter\u00bb phone_text_alignment=\u00bbcenter\u00bb background_color_opacity=\u00bb1&#8243; background_hover_color_opacity=\u00bb1&#8243; column_backdrop_filter=\u00bbnone\u00bb column_shadow=\u00bbnone\u00bb column_border_radius=\u00bbnone\u00bb column_link_target=\u00bb_self\u00bb column_position=\u00bbdefault\u00bb gradient_direction=\u00bbleft_to_right\u00bb overlay_strength=\u00bb0.3&#8243; width=\u00bb1\/12&#8243; tablet_width_inherit=\u00bbdefault\u00bb animation_type=\u00bbdefault\u00bb bg_image_animation=\u00bbnone\u00bb border_type=\u00bbsimple\u00bb column_border_width=\u00bbnone\u00bb column_border_style=\u00bbsolid\u00bb][\/vc_column][vc_column column_padding=\u00bbno-extra-padding\u00bb column_padding_tablet=\u00bbinherit\u00bb column_padding_phone=\u00bbinherit\u00bb column_padding_position=\u00bball\u00bb column_element_direction_desktop=\u00bbdefault\u00bb column_element_spacing=\u00bbdefault\u00bb desktop_text_alignment=\u00bbdefault\u00bb tablet_text_alignment=\u00bbcenter\u00bb phone_text_alignment=\u00bbcenter\u00bb background_color_opacity=\u00bb1&#8243; background_hover_color_opacity=\u00bb1&#8243; column_backdrop_filter=\u00bbnone\u00bb column_shadow=\u00bbnone\u00bb column_border_radius=\u00bbnone\u00bb column_link_target=\u00bb_self\u00bb column_position=\u00bbdefault\u00bb gradient_direction=\u00bbleft_to_right\u00bb overlay_strength=\u00bb0.3&#8243; width=\u00bb1\/2&#8243; tablet_width_inherit=\u00bbdefault\u00bb animation_type=\u00bbdefault\u00bb bg_image_animation=\u00bbnone\u00bb border_type=\u00bbsimple\u00bb column_border_width=\u00bbnone\u00bb column_border_style=\u00bbsolid\u00bb][vc_row_inner column_margin=\u00bbdefault\u00bb column_direction=\u00bbdefault\u00bb column_direction_tablet=\u00bbdefault\u00bb column_direction_phone=\u00bbdefault\u00bb text_align=\u00bbright\u00bb row_position=\u00bbdefault\u00bb row_position_tablet=\u00bbinherit\u00bb row_position_phone=\u00bbinherit\u00bb overflow=\u00bbvisible\u00bb pointer_events=\u00bball\u00bb][vc_column_inner column_padding=\u00bbno-extra-padding\u00bb column_padding_tablet=\u00bbinherit\u00bb column_padding_phone=\u00bbinherit\u00bb column_padding_position=\u00bball\u00bb column_element_direction_desktop=\u00bbdefault\u00bb column_element_spacing=\u00bbdefault\u00bb desktop_text_alignment=\u00bbdefault\u00bb tablet_text_alignment=\u00bbdefault\u00bb phone_text_alignment=\u00bbdefault\u00bb background_color_opacity=\u00bb1&#8243; background_hover_color_opacity=\u00bb1&#8243; column_backdrop_filter=\u00bbnone\u00bb column_shadow=\u00bbnone\u00bb column_border_radius=\u00bbnone\u00bb column_link_target=\u00bb_self\u00bb overflow=\u00bbvisible\u00bb gradient_direction=\u00bbleft_to_right\u00bb overlay_strength=\u00bb0.3&#8243; width=\u00bb1\/1&#8243; tablet_width_inherit=\u00bbdefault\u00bb animation_type=\u00bbdefault\u00bb bg_image_animation=\u00bbnone\u00bb border_type=\u00bbsimple\u00bb column_border_width=\u00bbnone\u00bb column_border_style=\u00bbsolid\u00bb][nectar_cta btn_style=\u00bbarrow-animation\u00bb heading_tag=\u00bbh4&#8243; button_color=\u00bbaccent-color\u00bb text_color=\u00bb#ffffff\u00bb button_border_thickness=\u00bb0px\u00bb link_type=\u00bbregular\u00bb alignment=\u00bbleft\u00bb alignment_tablet=\u00bbdefault\u00bb alignment_phone=\u00bbdefault\u00bb display=\u00bbinline\u00bb display_tablet=\u00bbinherit\u00bb display_phone=\u00bbinherit\u00bb link_text=\u00bbConsultar disponibilidad\u00bb url=\u00bbvilla-kotseli-andros.com\/book\u00bb padding_top=\u00bb20&#8243; padding_right=\u00bb40&#8243; padding_bottom=\u00bb20&#8243; padding_left=\u00bb40&#8243;][\/vc_column_inner][\/vc_row_inner][\/vc_column][\/vc_row][vc_row type=\u00bbin_container\u00bb full_screen_row_position=\u00bbmiddle\u00bb column_margin=\u00bbdefault\u00bb column_direction=\u00bbdefault\u00bb column_direction_tablet=\u00bbdefault\u00bb column_direction_phone=\u00bbdefault\u00bb scene_position=\u00bbcenter\u00bb top_padding=\u00bb3%\u00bb text_color=\u00bbdark\u00bb text_align=\u00bbleft\u00bb row_border_radius=\u00bbnone\u00bb row_border_radius_applies=\u00bbbg\u00bb overflow=\u00bbvisible\u00bb overlay_strength=\u00bb0.3&#8243; gradient_direction=\u00bbleft_to_right\u00bb shape_divider_position=\u00bbbottom\u00bb bg_image_animation=\u00bbnone\u00bb gradient_type=\u00bbdefault\u00bb shape_type=\u00bb\u00bb][vc_column column_padding=\u00bbno-extra-padding\u00bb column_padding_tablet=\u00bbinherit\u00bb column_padding_phone=\u00bbinherit\u00bb column_padding_position=\u00bball\u00bb column_element_direction_desktop=\u00bbdefault\u00bb column_element_spacing=\u00bbdefault\u00bb desktop_text_alignment=\u00bbdefault\u00bb tablet_text_alignment=\u00bbdefault\u00bb phone_text_alignment=\u00bbdefault\u00bb background_color_opacity=\u00bb1&#8243; background_hover_color_opacity=\u00bb1&#8243; column_backdrop_filter=\u00bbnone\u00bb column_shadow=\u00bbnone\u00bb column_border_radius=\u00bbnone\u00bb column_link_target=\u00bb_self\u00bb column_position=\u00bbdefault\u00bb gradient_direction=\u00bbleft_to_right\u00bb overlay_strength=\u00bb0.3&#8243; width=\u00bb1\/1&#8243; tablet_width_inherit=\u00bbdefault\u00bb animation_type=\u00bbdefault\u00bb bg_image_animation=\u00bbnone\u00bb border_type=\u00bbsimple\u00bb column_border_width=\u00bbnone\u00bb column_border_style=\u00bbsolid\u00bb][vc_gallery css=\u00bb\u00bb type=\u00bbimage_grid\u00bb images=\u00bb5854,5855,5856,5857,5858,5859,5860,5861,5862,5863,5864,5866,5867,5868,5869,5870,5871,5872,5873,5874,5875,5876,5877,5879,5880,5881,5843,5844,5837,5882,5883,5884,5885,5886,5887,5888,5889,5890,5891,5892,5893,5894,5895,5896,5897,5898,5899,5900,5901,5902,5903,5904,5905,5906,5907,5908,5909,5910,5911,5912,5913&#8243; image_grid_loading=\u00bbdefault\u00bb layout=\u00bb4&#8243; masonry_style=\u00bbtrue\u00bb bypass_image_cropping=\u00bbtrue\u00bb item_spacing=\u00bb1px\u00bb gallery_style=\u00bb7&#8243; load_in_animation=\u00bbnone\u00bb][\/vc_column][\/vc_row]\n","protected":false},"excerpt":{"rendered":"<p>[vc_row type=\u00bbfull_width_background\u00bb full_screen_row_position=\u00bbmiddle\u00bb column_margin=\u00bbdefault\u00bb equal_height=\u00bbyes\u00bb content_placement=\u00bbmiddle\u00bb column_direction=\u00bbdefault\u00bb column_direction_tablet=\u00bbdefault\u00bb column_direction_phone=\u00bbdefault\u00bb bg_color=\u00bb#822a4a\u00bb scene_position=\u00bbcenter\u00bb top_padding=\u00bb70&#8243; bottom_padding=\u00bb70&#8243; text_color=\u00bblight\u00bb text_align=\u00bbleft\u00bb row_border_radius=\u00bbnone\u00bb row_border_radius_applies=\u00bbbg\u00bb overflow=\u00bbvisible\u00bb&#8230;<\/p>\n","protected":false},"author":1,"featured_media":5853,"parent":0,"menu_order":0,"comment_status":"closed","ping_status":"closed","template":"","meta":{"om_disable_all_campaigns":false,"_monsterinsights_skip_tracking":false,"_monsterinsights_sitenote_active":false,"_monsterinsights_sitenote_note":"","_monsterinsights_sitenote_category":0,"footnotes":""},"class_list":["post-5831","page","type-page","status-publish","has-post-thumbnail"],"yoast_head":"<!-- This site is optimized with the Yoast SEO plugin v27.3 - https:\/\/yoast.com\/product\/yoast-seo-wordpress\/ -->\n<title>Descubre el ambiente de Andros | Galer\u00eda Kotseli<\/title>\n<meta name=\"description\" content=\"Explora la belleza de Kotseli a trav\u00e9s de nuestra galer\u00eda. Desde paisajes impresionantes hasta alojamientos serenos, echa un vistazo al refugio perfecto que te espera en Andros.\" \/>\n<meta name=\"robots\" content=\"index, follow, max-snippet:-1, max-image-preview:large, max-video-preview:-1\" \/>\n<link rel=\"canonical\" href=\"https:\/\/villa-kotseli-andros.com\/es\/galeria\/\" \/>\n<meta property=\"og:locale\" content=\"es_ES\" \/>\n<meta property=\"og:type\" content=\"article\" \/>\n<meta property=\"og:title\" content=\"Descubre el ambiente de Andros | Galer\u00eda Kotseli\" \/>\n<meta property=\"og:description\" content=\"Explora la belleza de Kotseli a trav\u00e9s de nuestra galer\u00eda. Desde paisajes impresionantes hasta alojamientos serenos, echa un vistazo al refugio perfecto que te espera en Andros.\" \/>\n<meta property=\"og:url\" content=\"https:\/\/villa-kotseli-andros.com\/es\/galeria\/\" \/>\n<meta property=\"og:site_name\" content=\"Villa kotseli - Andros Villa Rental\" \/>\n<meta property=\"article:modified_time\" content=\"2026-02-03T19:32:31+00:00\" \/>\n<meta name=\"twitter:card\" content=\"summary_large_image\" \/>\n<meta name=\"twitter:label1\" content=\"Tiempo de lectura\" \/>\n\t<meta name=\"twitter:data1\" content=\"4 minutos\" \/>\n<script type=\"application\/ld+json\" class=\"yoast-schema-graph\">{\"@context\":\"https:\\\/\\\/schema.org\",\"@graph\":[{\"@type\":\"WebPage\",\"@id\":\"https:\\\/\\\/villa-kotseli-andros.com\\\/es\\\/galeria\\\/\",\"url\":\"https:\\\/\\\/villa-kotseli-andros.com\\\/es\\\/galeria\\\/\",\"name\":\"Descubre el ambiente de Andros | Galer\u00eda Kotseli\",\"isPartOf\":{\"@id\":\"https:\\\/\\\/villa-kotseli-andros.com\\\/es\\\/#website\"},\"primaryImageOfPage\":{\"@id\":\"https:\\\/\\\/villa-kotseli-andros.com\\\/es\\\/galeria\\\/#primaryimage\"},\"image\":{\"@id\":\"https:\\\/\\\/villa-kotseli-andros.com\\\/es\\\/galeria\\\/#primaryimage\"},\"thumbnailUrl\":\"https:\\\/\\\/villa-kotseli-andros.com\\\/wp-content\\\/uploads\\\/2025\\\/01\\\/IMG_0421-2-scaled.jpg\",\"datePublished\":\"2025-01-08T08:44:37+00:00\",\"dateModified\":\"2026-02-03T19:32:31+00:00\",\"description\":\"Explora la belleza de Kotseli a trav\u00e9s de nuestra galer\u00eda. Desde paisajes impresionantes hasta alojamientos serenos, echa un vistazo al refugio perfecto que te espera en Andros.\",\"breadcrumb\":{\"@id\":\"https:\\\/\\\/villa-kotseli-andros.com\\\/es\\\/galeria\\\/#breadcrumb\"},\"inLanguage\":\"es\",\"potentialAction\":[{\"@type\":\"ReadAction\",\"target\":[\"https:\\\/\\\/villa-kotseli-andros.com\\\/es\\\/galeria\\\/\"]}]},{\"@type\":\"ImageObject\",\"inLanguage\":\"es\",\"@id\":\"https:\\\/\\\/villa-kotseli-andros.com\\\/es\\\/galeria\\\/#primaryimage\",\"url\":\"https:\\\/\\\/villa-kotseli-andros.com\\\/wp-content\\\/uploads\\\/2025\\\/01\\\/IMG_0421-2-scaled.jpg\",\"contentUrl\":\"https:\\\/\\\/villa-kotseli-andros.com\\\/wp-content\\\/uploads\\\/2025\\\/01\\\/IMG_0421-2-scaled.jpg\",\"width\":1200,\"height\":1600,\"caption\":\"IMG_0421 2\"},{\"@type\":\"BreadcrumbList\",\"@id\":\"https:\\\/\\\/villa-kotseli-andros.com\\\/es\\\/galeria\\\/#breadcrumb\",\"itemListElement\":[{\"@type\":\"ListItem\",\"position\":1,\"name\":\"Home\",\"item\":\"https:\\\/\\\/villa-kotseli-andros.com\\\/es\\\/pagina-de-inicio\\\/\"},{\"@type\":\"ListItem\",\"position\":2,\"name\":\"Galer\u00eda\"}]},{\"@type\":\"WebSite\",\"@id\":\"https:\\\/\\\/villa-kotseli-andros.com\\\/es\\\/#website\",\"url\":\"https:\\\/\\\/villa-kotseli-andros.com\\\/es\\\/\",\"name\":\"Villa kotseli - Andros Villa Rental\",\"description\":\"A Villa Rental in Andros\",\"potentialAction\":[{\"@type\":\"SearchAction\",\"target\":{\"@type\":\"EntryPoint\",\"urlTemplate\":\"https:\\\/\\\/villa-kotseli-andros.com\\\/es\\\/?s={search_term_string}\"},\"query-input\":{\"@type\":\"PropertyValueSpecification\",\"valueRequired\":true,\"valueName\":\"search_term_string\"}}],\"inLanguage\":\"es\"}]}<\/script>\n<!-- \/ Yoast SEO plugin. -->","yoast_head_json":{"title":"Descubre el ambiente de Andros | Galer\u00eda Kotseli","description":"Explora la belleza de Kotseli a trav\u00e9s de nuestra galer\u00eda. Desde paisajes impresionantes hasta alojamientos serenos, echa un vistazo al refugio perfecto que te espera en Andros.","robots":{"index":"index","follow":"follow","max-snippet":"max-snippet:-1","max-image-preview":"max-image-preview:large","max-video-preview":"max-video-preview:-1"},"canonical":"https:\/\/villa-kotseli-andros.com\/es\/galeria\/","og_locale":"es_ES","og_type":"article","og_title":"Descubre el ambiente de Andros | Galer\u00eda Kotseli","og_description":"Explora la belleza de Kotseli a trav\u00e9s de nuestra galer\u00eda. Desde paisajes impresionantes hasta alojamientos serenos, echa un vistazo al refugio perfecto que te espera en Andros.","og_url":"https:\/\/villa-kotseli-andros.com\/es\/galeria\/","og_site_name":"Villa kotseli - Andros Villa Rental","article_modified_time":"2026-02-03T19:32:31+00:00","twitter_card":"summary_large_image","twitter_misc":{"Tiempo de lectura":"4 minutos"},"schema":{"@context":"https:\/\/schema.org","@graph":[{"@type":"WebPage","@id":"https:\/\/villa-kotseli-andros.com\/es\/galeria\/","url":"https:\/\/villa-kotseli-andros.com\/es\/galeria\/","name":"Descubre el ambiente de Andros | Galer\u00eda Kotseli","isPartOf":{"@id":"https:\/\/villa-kotseli-andros.com\/es\/#website"},"primaryImageOfPage":{"@id":"https:\/\/villa-kotseli-andros.com\/es\/galeria\/#primaryimage"},"image":{"@id":"https:\/\/villa-kotseli-andros.com\/es\/galeria\/#primaryimage"},"thumbnailUrl":"https:\/\/villa-kotseli-andros.com\/wp-content\/uploads\/2025\/01\/IMG_0421-2-scaled.jpg","datePublished":"2025-01-08T08:44:37+00:00","dateModified":"2026-02-03T19:32:31+00:00","description":"Explora la belleza de Kotseli a trav\u00e9s de nuestra galer\u00eda. Desde paisajes impresionantes hasta alojamientos serenos, echa un vistazo al refugio perfecto que te espera en Andros.","breadcrumb":{"@id":"https:\/\/villa-kotseli-andros.com\/es\/galeria\/#breadcrumb"},"inLanguage":"es","potentialAction":[{"@type":"ReadAction","target":["https:\/\/villa-kotseli-andros.com\/es\/galeria\/"]}]},{"@type":"ImageObject","inLanguage":"es","@id":"https:\/\/villa-kotseli-andros.com\/es\/galeria\/#primaryimage","url":"https:\/\/villa-kotseli-andros.com\/wp-content\/uploads\/2025\/01\/IMG_0421-2-scaled.jpg","contentUrl":"https:\/\/villa-kotseli-andros.com\/wp-content\/uploads\/2025\/01\/IMG_0421-2-scaled.jpg","width":1200,"height":1600,"caption":"IMG_0421 2"},{"@type":"BreadcrumbList","@id":"https:\/\/villa-kotseli-andros.com\/es\/galeria\/#breadcrumb","itemListElement":[{"@type":"ListItem","position":1,"name":"Home","item":"https:\/\/villa-kotseli-andros.com\/es\/pagina-de-inicio\/"},{"@type":"ListItem","position":2,"name":"Galer\u00eda"}]},{"@type":"WebSite","@id":"https:\/\/villa-kotseli-andros.com\/es\/#website","url":"https:\/\/villa-kotseli-andros.com\/es\/","name":"Villa kotseli - Andros Villa Rental","description":"A Villa Rental in Andros","potentialAction":[{"@type":"SearchAction","target":{"@type":"EntryPoint","urlTemplate":"https:\/\/villa-kotseli-andros.com\/es\/?s={search_term_string}"},"query-input":{"@type":"PropertyValueSpecification","valueRequired":true,"valueName":"search_term_string"}}],"inLanguage":"es"}]}},"_links":{"self":[{"href":"https:\/\/villa-kotseli-andros.com\/es\/wp-json\/wp\/v2\/pages\/5831","targetHints":{"allow":["GET"]}}],"collection":[{"href":"https:\/\/villa-kotseli-andros.com\/es\/wp-json\/wp\/v2\/pages"}],"about":[{"href":"https:\/\/villa-kotseli-andros.com\/es\/wp-json\/wp\/v2\/types\/page"}],"author":[{"embeddable":true,"href":"https:\/\/villa-kotseli-andros.com\/es\/wp-json\/wp\/v2\/users\/1"}],"replies":[{"embeddable":true,"href":"https:\/\/villa-kotseli-andros.com\/es\/wp-json\/wp\/v2\/comments?post=5831"}],"version-history":[{"count":7,"href":"https:\/\/villa-kotseli-andros.com\/es\/wp-json\/wp\/v2\/pages\/5831\/revisions"}],"predecessor-version":[{"id":6153,"href":"https:\/\/villa-kotseli-andros.com\/es\/wp-json\/wp\/v2\/pages\/5831\/revisions\/6153"}],"wp:featuredmedia":[{"embeddable":true,"href":"https:\/\/villa-kotseli-andros.com\/es\/wp-json\/wp\/v2\/media\/5853"}],"wp:attachment":[{"href":"https:\/\/villa-kotseli-andros.com\/es\/wp-json\/wp\/v2\/media?parent=5831"}],"curies":[{"name":"wp","href":"https:\/\/api.w.org\/{rel}","templated":true}]}}