{"id":6892,"date":"2025-01-08T08:44:37","date_gmt":"2025-01-08T08:44:37","guid":{"rendered":"https:\/\/villa-kotseli-andros.com\/galerie\/"},"modified":"2026-02-03T19:37:28","modified_gmt":"2026-02-03T19:37:28","slug":"galerie","status":"publish","type":"page","link":"https:\/\/villa-kotseli-andros.com\/de\/galerie\/","title":{"rendered":"Galerie"},"content":{"rendered":"[vc_row type=&#8220;full_width_background&#8220; full_screen_row_position=&#8220;middle&#8220; column_margin=&#8220;default&#8220; equal_height=&#8220;yes&#8220; content_placement=&#8220;middle&#8220; column_direction=&#8220;default&#8220; column_direction_tablet=&#8220;default&#8220; column_direction_phone=&#8220;default&#8220; bg_color=&#8220;#822a4a&#8220; scene_position=&#8220;center&#8220; top_padding=&#8220;70&#8243; bottom_padding=&#8220;70&#8243; text_color=&#8220;light&#8220; text_align=&#8220;left&#8220; row_border_radius=&#8220;none&#8220; row_border_radius_applies=&#8220;bg&#8220; overflow=&#8220;visible&#8220; overlay_strength=&#8220;0.95&#8243; gradient_direction=&#8220;left_to_right&#8220; shape_divider_position=&#8220;bottom&#8220; bg_image_animation=&#8220;none&#8220; shape_type=&#8220;&#8220; gradient_type=&#8220;default&#8220;][vc_column column_padding=&#8220;no-extra-padding&#8220; column_padding_tablet=&#8220;inherit&#8220; column_padding_phone=&#8220;inherit&#8220; column_padding_position=&#8220;all&#8220; column_element_direction_desktop=&#8220;default&#8220; column_element_spacing=&#8220;default&#8220; desktop_text_alignment=&#8220;default&#8220; tablet_text_alignment=&#8220;center&#8220; phone_text_alignment=&#8220;center&#8220; background_color_opacity=&#8220;1&#8243; background_hover_color_opacity=&#8220;1&#8243; column_backdrop_filter=&#8220;none&#8220; column_shadow=&#8220;none&#8220; column_border_radius=&#8220;none&#8220; column_link_target=&#8220;_self&#8220; column_position=&#8220;default&#8220; gradient_direction=&#8220;left_to_right&#8220; overlay_strength=&#8220;0.3&#8243; width=&#8220;5\/12&#8243; tablet_width_inherit=&#8220;default&#8220; animation_type=&#8220;default&#8220; bg_image_animation=&#8220;none&#8220; border_type=&#8220;simple&#8220; column_border_width=&#8220;none&#8220; column_border_style=&#8220;solid&#8220;][split_line_heading animation_type=&#8220;line-reveal-by-space&#8220; font_style=&#8220;h2&#8243; line_reveal_by_space_text_effect=&#8220;default&#8220; content_alignment=&#8220;default&#8220; mobile_content_alignment=&#8220;inherit&#8220; link_target=&#8220;_self&#8220; text_content=&#8220;Unsere Kotseli Galerie&#8220; text_direction=&#8220;default&#8220;][\/split_line_heading][vc_column_text css=&#8220;&#8220; text_direction=&#8220;default&#8220;]<span style=\"color: #ffffff;\">Treten Sie durch unsere Galerie ein in die heitere Atmosph\u00e4re von Kotseli. Entdecken Sie atemberaubende Ausblicke, ruhige R\u00e4ume und das Wesen eines Aufenthalts inmitten der Natur. <\/span>[\/vc_column_text][\/vc_column][vc_column column_padding=&#8220;no-extra-padding&#8220; column_padding_tablet=&#8220;inherit&#8220; column_padding_phone=&#8220;inherit&#8220; column_padding_position=&#8220;all&#8220; column_element_direction_desktop=&#8220;default&#8220; column_element_spacing=&#8220;default&#8220; desktop_text_alignment=&#8220;default&#8220; tablet_text_alignment=&#8220;center&#8220; phone_text_alignment=&#8220;center&#8220; background_color_opacity=&#8220;1&#8243; background_hover_color_opacity=&#8220;1&#8243; column_backdrop_filter=&#8220;none&#8220; column_shadow=&#8220;none&#8220; column_border_radius=&#8220;none&#8220; column_link_target=&#8220;_self&#8220; column_position=&#8220;default&#8220; gradient_direction=&#8220;left_to_right&#8220; overlay_strength=&#8220;0.3&#8243; width=&#8220;1\/12&#8243; tablet_width_inherit=&#8220;default&#8220; animation_type=&#8220;default&#8220; bg_image_animation=&#8220;none&#8220; border_type=&#8220;simple&#8220; column_border_width=&#8220;none&#8220; column_border_style=&#8220;solid&#8220;][\/vc_column][vc_column column_padding=&#8220;no-extra-padding&#8220; column_padding_tablet=&#8220;inherit&#8220; column_padding_phone=&#8220;inherit&#8220; column_padding_position=&#8220;all&#8220; column_element_direction_desktop=&#8220;default&#8220; column_element_spacing=&#8220;default&#8220; desktop_text_alignment=&#8220;default&#8220; tablet_text_alignment=&#8220;center&#8220; phone_text_alignment=&#8220;center&#8220; background_color_opacity=&#8220;1&#8243; background_hover_color_opacity=&#8220;1&#8243; column_backdrop_filter=&#8220;none&#8220; column_shadow=&#8220;none&#8220; column_border_radius=&#8220;none&#8220; column_link_target=&#8220;_self&#8220; column_position=&#8220;default&#8220; gradient_direction=&#8220;left_to_right&#8220; overlay_strength=&#8220;0.3&#8243; width=&#8220;1\/2&#8243; tablet_width_inherit=&#8220;default&#8220; animation_type=&#8220;default&#8220; bg_image_animation=&#8220;none&#8220; border_type=&#8220;simple&#8220; column_border_width=&#8220;none&#8220; column_border_style=&#8220;solid&#8220;][vc_row_inner column_margin=&#8220;default&#8220; column_direction=&#8220;default&#8220; column_direction_tablet=&#8220;default&#8220; column_direction_phone=&#8220;default&#8220; text_align=&#8220;right&#8220; row_position=&#8220;default&#8220; row_position_tablet=&#8220;inherit&#8220; row_position_phone=&#8220;inherit&#8220; overflow=&#8220;visible&#8220; pointer_events=&#8220;all&#8220;][vc_column_inner column_padding=&#8220;no-extra-padding&#8220; column_padding_tablet=&#8220;inherit&#8220; column_padding_phone=&#8220;inherit&#8220; column_padding_position=&#8220;all&#8220; column_element_direction_desktop=&#8220;default&#8220; column_element_spacing=&#8220;default&#8220; desktop_text_alignment=&#8220;default&#8220; tablet_text_alignment=&#8220;default&#8220; phone_text_alignment=&#8220;default&#8220; background_color_opacity=&#8220;1&#8243; background_hover_color_opacity=&#8220;1&#8243; column_backdrop_filter=&#8220;none&#8220; column_shadow=&#8220;none&#8220; column_border_radius=&#8220;none&#8220; column_link_target=&#8220;_self&#8220; overflow=&#8220;visible&#8220; gradient_direction=&#8220;left_to_right&#8220; overlay_strength=&#8220;0.3&#8243; width=&#8220;1\/1&#8243; tablet_width_inherit=&#8220;default&#8220; animation_type=&#8220;default&#8220; bg_image_animation=&#8220;none&#8220; border_type=&#8220;simple&#8220; column_border_width=&#8220;none&#8220; column_border_style=&#8220;solid&#8220;][nectar_cta btn_style=&#8220;arrow-animation&#8220; heading_tag=&#8220;h4&#8243; button_color=&#8220;accent-color&#8220; text_color=&#8220;#ffffff&#8220; button_border_thickness=&#8220;0px&#8220; link_type=&#8220;regular&#8220; alignment=&#8220;left&#8220; alignment_tablet=&#8220;default&#8220; alignment_phone=&#8220;default&#8220; display=&#8220;inline&#8220; display_tablet=&#8220;inherit&#8220; display_phone=&#8220;inherit&#8220; link_text=&#8220;Verf\u00fcgbarkeit pr\u00fcfen&#8220; url=&#8220;villa-kotseli-andros.com\/book&#8220; padding_top=&#8220;20&#8243; padding_right=&#8220;40&#8243; padding_bottom=&#8220;20&#8243; padding_left=&#8220;40&#8243;][\/vc_column_inner][\/vc_row_inner][\/vc_column][\/vc_row][vc_row type=&#8220;in_container&#8220; full_screen_row_position=&#8220;middle&#8220; column_margin=&#8220;default&#8220; column_direction=&#8220;default&#8220; column_direction_tablet=&#8220;default&#8220; column_direction_phone=&#8220;default&#8220; scene_position=&#8220;center&#8220; top_padding=&#8220;3%&#8220; text_color=&#8220;dark&#8220; text_align=&#8220;left&#8220; row_border_radius=&#8220;none&#8220; row_border_radius_applies=&#8220;bg&#8220; overflow=&#8220;visible&#8220; overlay_strength=&#8220;0.3&#8243; gradient_direction=&#8220;left_to_right&#8220; shape_divider_position=&#8220;bottom&#8220; bg_image_animation=&#8220;none&#8220; gradient_type=&#8220;default&#8220; shape_type=&#8220;&#8220;][vc_column column_padding=&#8220;no-extra-padding&#8220; column_padding_tablet=&#8220;inherit&#8220; column_padding_phone=&#8220;inherit&#8220; column_padding_position=&#8220;all&#8220; column_element_direction_desktop=&#8220;default&#8220; column_element_spacing=&#8220;default&#8220; desktop_text_alignment=&#8220;default&#8220; tablet_text_alignment=&#8220;default&#8220; phone_text_alignment=&#8220;default&#8220; background_color_opacity=&#8220;1&#8243; background_hover_color_opacity=&#8220;1&#8243; column_backdrop_filter=&#8220;none&#8220; column_shadow=&#8220;none&#8220; column_border_radius=&#8220;none&#8220; column_link_target=&#8220;_self&#8220; column_position=&#8220;default&#8220; gradient_direction=&#8220;left_to_right&#8220; overlay_strength=&#8220;0.3&#8243; width=&#8220;1\/1&#8243; tablet_width_inherit=&#8220;default&#8220; animation_type=&#8220;default&#8220; bg_image_animation=&#8220;none&#8220; border_type=&#8220;simple&#8220; column_border_width=&#8220;none&#8220; column_border_style=&#8220;solid&#8220;][vc_gallery css=&#8220;&#8220; type=&#8220;image_grid&#8220; images=&#8220;6395,6908,6909,6469,6910,6465,6911,6912,6913,6181,6914,6915,6916,6917,6918,6099,6919,6920,6921,6922,6923,6924,6925,6926,6927,6928,6899,6464,6895,6081,6059,6612,6610,6611,6609,6607,6605,6596,6597,6601,6603,6808,6803,6807,6792,6334,6333,6335,6336,6329,6332,6024,6025,6029,6136,6135,6113,6104,6112,6328,6330&#8243; image_grid_loading=&#8220;default&#8220; layout=&#8220;4&#8243; masonry_style=&#8220;true&#8220; bypass_image_cropping=&#8220;true&#8220; item_spacing=&#8220;1px&#8220; gallery_style=&#8220;7&#8243; load_in_animation=&#8220;none&#8220;][\/vc_column][\/vc_row]\n","protected":false},"excerpt":{"rendered":"<p>[vc_row type=&#8220;full_width_background&#8220; full_screen_row_position=&#8220;middle&#8220; column_margin=&#8220;default&#8220; equal_height=&#8220;yes&#8220; content_placement=&#8220;middle&#8220; column_direction=&#8220;default&#8220; column_direction_tablet=&#8220;default&#8220; column_direction_phone=&#8220;default&#8220; bg_color=&#8220;#822a4a&#8220; scene_position=&#8220;center&#8220; top_padding=&#8220;70&#8243; bottom_padding=&#8220;70&#8243; text_color=&#8220;light&#8220; text_align=&#8220;left&#8220; row_border_radius=&#8220;none&#8220; row_border_radius_applies=&#8220;bg&#8220; overflow=&#8220;visible&#8220;&#8230;<\/p>\n","protected":false},"author":1,"featured_media":6907,"parent":0,"menu_order":0,"comment_status":"closed","ping_status":"closed","template":"","meta":{"om_disable_all_campaigns":false,"_monsterinsights_skip_tracking":false,"_monsterinsights_sitenote_active":false,"_monsterinsights_sitenote_note":"","_monsterinsights_sitenote_category":0,"footnotes":""},"class_list":["post-6892","page","type-page","status-publish","has-post-thumbnail"],"yoast_head":"<!-- This site is optimized with the Yoast SEO plugin v27.3 - https:\/\/yoast.com\/product\/yoast-seo-wordpress\/ -->\n<title>Entdecken Sie die Atmosph\u00e4re von Andros | Kotseli Galerie<\/title>\n<meta name=\"description\" content=\"Erkunden Sie die Sch\u00f6nheit von Kotseli in unserer Galerie. Von atemberaubenden Landschaften bis hin zu ruhigen Unterk\u00fcnften erhalten Sie einen Einblick in Ihren perfekten R\u00fcckzugsort in Andros.\" \/>\n<meta name=\"robots\" content=\"index, follow, max-snippet:-1, max-image-preview:large, max-video-preview:-1\" \/>\n<link rel=\"canonical\" href=\"https:\/\/villa-kotseli-andros.com\/de\/galerie\/\" \/>\n<meta property=\"og:locale\" content=\"de_DE\" \/>\n<meta property=\"og:type\" content=\"article\" \/>\n<meta property=\"og:title\" content=\"Entdecken Sie die Atmosph\u00e4re von Andros | Kotseli Galerie\" \/>\n<meta property=\"og:description\" content=\"Erkunden Sie die Sch\u00f6nheit von Kotseli in unserer Galerie. Von atemberaubenden Landschaften bis hin zu ruhigen Unterk\u00fcnften erhalten Sie einen Einblick in Ihren perfekten R\u00fcckzugsort in Andros.\" \/>\n<meta property=\"og:url\" content=\"https:\/\/villa-kotseli-andros.com\/de\/galerie\/\" \/>\n<meta property=\"og:site_name\" content=\"Villa kotseli - Andros Villa Rental\" \/>\n<meta property=\"article:modified_time\" content=\"2026-02-03T19:37:28+00:00\" \/>\n<meta name=\"twitter:card\" content=\"summary_large_image\" \/>\n<meta name=\"twitter:label1\" content=\"Gesch\u00e4tzte Lesezeit\" \/>\n\t<meta name=\"twitter:data1\" content=\"4\u00a0Minuten\" \/>\n<script type=\"application\/ld+json\" class=\"yoast-schema-graph\">{\"@context\":\"https:\\\/\\\/schema.org\",\"@graph\":[{\"@type\":\"WebPage\",\"@id\":\"https:\\\/\\\/villa-kotseli-andros.com\\\/de\\\/galerie\\\/\",\"url\":\"https:\\\/\\\/villa-kotseli-andros.com\\\/de\\\/galerie\\\/\",\"name\":\"Entdecken Sie die Atmosph\u00e4re von Andros | Kotseli Galerie\",\"isPartOf\":{\"@id\":\"https:\\\/\\\/villa-kotseli-andros.com\\\/de\\\/#website\"},\"primaryImageOfPage\":{\"@id\":\"https:\\\/\\\/villa-kotseli-andros.com\\\/de\\\/galerie\\\/#primaryimage\"},\"image\":{\"@id\":\"https:\\\/\\\/villa-kotseli-andros.com\\\/de\\\/galerie\\\/#primaryimage\"},\"thumbnailUrl\":\"https:\\\/\\\/villa-kotseli-andros.com\\\/wp-content\\\/uploads\\\/2025\\\/01\\\/IMG_0421-2-scaled.jpg\",\"datePublished\":\"2025-01-08T08:44:37+00:00\",\"dateModified\":\"2026-02-03T19:37:28+00:00\",\"description\":\"Erkunden Sie die Sch\u00f6nheit von Kotseli in unserer Galerie. Von atemberaubenden Landschaften bis hin zu ruhigen Unterk\u00fcnften erhalten Sie einen Einblick in Ihren perfekten R\u00fcckzugsort in Andros.\",\"breadcrumb\":{\"@id\":\"https:\\\/\\\/villa-kotseli-andros.com\\\/de\\\/galerie\\\/#breadcrumb\"},\"inLanguage\":\"de\",\"potentialAction\":[{\"@type\":\"ReadAction\",\"target\":[\"https:\\\/\\\/villa-kotseli-andros.com\\\/de\\\/galerie\\\/\"]}]},{\"@type\":\"ImageObject\",\"inLanguage\":\"de\",\"@id\":\"https:\\\/\\\/villa-kotseli-andros.com\\\/de\\\/galerie\\\/#primaryimage\",\"url\":\"https:\\\/\\\/villa-kotseli-andros.com\\\/wp-content\\\/uploads\\\/2025\\\/01\\\/IMG_0421-2-scaled.jpg\",\"contentUrl\":\"https:\\\/\\\/villa-kotseli-andros.com\\\/wp-content\\\/uploads\\\/2025\\\/01\\\/IMG_0421-2-scaled.jpg\",\"width\":1200,\"height\":1600,\"caption\":\"IMG_0421 2\"},{\"@type\":\"BreadcrumbList\",\"@id\":\"https:\\\/\\\/villa-kotseli-andros.com\\\/de\\\/galerie\\\/#breadcrumb\",\"itemListElement\":[{\"@type\":\"ListItem\",\"position\":1,\"name\":\"Home\",\"item\":\"https:\\\/\\\/villa-kotseli-andros.com\\\/de\\\/homepage\\\/\"},{\"@type\":\"ListItem\",\"position\":2,\"name\":\"Galerie\"}]},{\"@type\":\"WebSite\",\"@id\":\"https:\\\/\\\/villa-kotseli-andros.com\\\/de\\\/#website\",\"url\":\"https:\\\/\\\/villa-kotseli-andros.com\\\/de\\\/\",\"name\":\"Villa kotseli - Andros Villa Rental\",\"description\":\"A Villa Rental in Andros\",\"potentialAction\":[{\"@type\":\"SearchAction\",\"target\":{\"@type\":\"EntryPoint\",\"urlTemplate\":\"https:\\\/\\\/villa-kotseli-andros.com\\\/de\\\/?s={search_term_string}\"},\"query-input\":{\"@type\":\"PropertyValueSpecification\",\"valueRequired\":true,\"valueName\":\"search_term_string\"}}],\"inLanguage\":\"de\"}]}<\/script>\n<!-- \/ Yoast SEO plugin. -->","yoast_head_json":{"title":"Entdecken Sie die Atmosph\u00e4re von Andros | Kotseli Galerie","description":"Erkunden Sie die Sch\u00f6nheit von Kotseli in unserer Galerie. Von atemberaubenden Landschaften bis hin zu ruhigen Unterk\u00fcnften erhalten Sie einen Einblick in Ihren perfekten R\u00fcckzugsort in Andros.","robots":{"index":"index","follow":"follow","max-snippet":"max-snippet:-1","max-image-preview":"max-image-preview:large","max-video-preview":"max-video-preview:-1"},"canonical":"https:\/\/villa-kotseli-andros.com\/de\/galerie\/","og_locale":"de_DE","og_type":"article","og_title":"Entdecken Sie die Atmosph\u00e4re von Andros | Kotseli Galerie","og_description":"Erkunden Sie die Sch\u00f6nheit von Kotseli in unserer Galerie. Von atemberaubenden Landschaften bis hin zu ruhigen Unterk\u00fcnften erhalten Sie einen Einblick in Ihren perfekten R\u00fcckzugsort in Andros.","og_url":"https:\/\/villa-kotseli-andros.com\/de\/galerie\/","og_site_name":"Villa kotseli - Andros Villa Rental","article_modified_time":"2026-02-03T19:37:28+00:00","twitter_card":"summary_large_image","twitter_misc":{"Gesch\u00e4tzte Lesezeit":"4\u00a0Minuten"},"schema":{"@context":"https:\/\/schema.org","@graph":[{"@type":"WebPage","@id":"https:\/\/villa-kotseli-andros.com\/de\/galerie\/","url":"https:\/\/villa-kotseli-andros.com\/de\/galerie\/","name":"Entdecken Sie die Atmosph\u00e4re von Andros | Kotseli Galerie","isPartOf":{"@id":"https:\/\/villa-kotseli-andros.com\/de\/#website"},"primaryImageOfPage":{"@id":"https:\/\/villa-kotseli-andros.com\/de\/galerie\/#primaryimage"},"image":{"@id":"https:\/\/villa-kotseli-andros.com\/de\/galerie\/#primaryimage"},"thumbnailUrl":"https:\/\/villa-kotseli-andros.com\/wp-content\/uploads\/2025\/01\/IMG_0421-2-scaled.jpg","datePublished":"2025-01-08T08:44:37+00:00","dateModified":"2026-02-03T19:37:28+00:00","description":"Erkunden Sie die Sch\u00f6nheit von Kotseli in unserer Galerie. Von atemberaubenden Landschaften bis hin zu ruhigen Unterk\u00fcnften erhalten Sie einen Einblick in Ihren perfekten R\u00fcckzugsort in Andros.","breadcrumb":{"@id":"https:\/\/villa-kotseli-andros.com\/de\/galerie\/#breadcrumb"},"inLanguage":"de","potentialAction":[{"@type":"ReadAction","target":["https:\/\/villa-kotseli-andros.com\/de\/galerie\/"]}]},{"@type":"ImageObject","inLanguage":"de","@id":"https:\/\/villa-kotseli-andros.com\/de\/galerie\/#primaryimage","url":"https:\/\/villa-kotseli-andros.com\/wp-content\/uploads\/2025\/01\/IMG_0421-2-scaled.jpg","contentUrl":"https:\/\/villa-kotseli-andros.com\/wp-content\/uploads\/2025\/01\/IMG_0421-2-scaled.jpg","width":1200,"height":1600,"caption":"IMG_0421 2"},{"@type":"BreadcrumbList","@id":"https:\/\/villa-kotseli-andros.com\/de\/galerie\/#breadcrumb","itemListElement":[{"@type":"ListItem","position":1,"name":"Home","item":"https:\/\/villa-kotseli-andros.com\/de\/homepage\/"},{"@type":"ListItem","position":2,"name":"Galerie"}]},{"@type":"WebSite","@id":"https:\/\/villa-kotseli-andros.com\/de\/#website","url":"https:\/\/villa-kotseli-andros.com\/de\/","name":"Villa kotseli - Andros Villa Rental","description":"A Villa Rental in Andros","potentialAction":[{"@type":"SearchAction","target":{"@type":"EntryPoint","urlTemplate":"https:\/\/villa-kotseli-andros.com\/de\/?s={search_term_string}"},"query-input":{"@type":"PropertyValueSpecification","valueRequired":true,"valueName":"search_term_string"}}],"inLanguage":"de"}]}},"_links":{"self":[{"href":"https:\/\/villa-kotseli-andros.com\/de\/wp-json\/wp\/v2\/pages\/6892","targetHints":{"allow":["GET"]}}],"collection":[{"href":"https:\/\/villa-kotseli-andros.com\/de\/wp-json\/wp\/v2\/pages"}],"about":[{"href":"https:\/\/villa-kotseli-andros.com\/de\/wp-json\/wp\/v2\/types\/page"}],"author":[{"embeddable":true,"href":"https:\/\/villa-kotseli-andros.com\/de\/wp-json\/wp\/v2\/users\/1"}],"replies":[{"embeddable":true,"href":"https:\/\/villa-kotseli-andros.com\/de\/wp-json\/wp\/v2\/comments?post=6892"}],"version-history":[{"count":2,"href":"https:\/\/villa-kotseli-andros.com\/de\/wp-json\/wp\/v2\/pages\/6892\/revisions"}],"predecessor-version":[{"id":6948,"href":"https:\/\/villa-kotseli-andros.com\/de\/wp-json\/wp\/v2\/pages\/6892\/revisions\/6948"}],"wp:featuredmedia":[{"embeddable":true,"href":"https:\/\/villa-kotseli-andros.com\/de\/wp-json\/wp\/v2\/media\/6907"}],"wp:attachment":[{"href":"https:\/\/villa-kotseli-andros.com\/de\/wp-json\/wp\/v2\/media?parent=6892"}],"curies":[{"name":"wp","href":"https:\/\/api.w.org\/{rel}","templated":true}]}}